{"id":231368,"date":"2020-10-22T06:57:48","date_gmt":"2020-10-22T04:57:48","guid":{"rendered":"https:\/\/www.ceramic-spot.com\/kontakt\/"},"modified":"2025-11-25T10:30:24","modified_gmt":"2025-11-25T09:30:24","slug":"kontakt","status":"publish","type":"page","link":"https:\/\/www.ceramic-spot.com\/hr\/kontakt\/","title":{"rendered":"O nama &#038; kontakt"},"content":{"rendered":"<p>[et_pb_section fb_built=&#8221;1&#8243; fullwidth=&#8221;on&#8221; _builder_version=&#8221;4.16&#8243; _module_preset=&#8221;default&#8221; background_color=&#8221;RGBA(0,0,0,0)&#8221; background_enable_video_mp4=&#8221;off&#8221; locked=&#8221;off&#8221; global_colors_info=&#8221;{}&#8221;][et_pb_fullwidth_header title=&#8221;O nama &#038; kontakt&#8221; text_orientation=&#8221;center&#8221; header_fullscreen=&#8221;on&#8221; header_scroll_down=&#8221;on&#8221; scroll_down_icon=&#8221;%%2%%&#8221; background_overlay_color=&#8221;rgba(0,0,0,0.25)&#8221; admin_label=&#8221;O nama &#038; kontakt&#8221; _builder_version=&#8221;4.27.4&#8243; _module_preset=&#8221;default&#8221; title_font=&#8221;|700|||||||&#8221; title_text_color=&#8221;#FFFFFF&#8221; title_font_size=&#8221;74px&#8221; content_font=&#8221;|300|||||||&#8221; background_enable_color=&#8221;off&#8221; background_image=&#8221;https:\/\/www.ceramic-spot.com\/wp-content\/uploads\/2021\/01\/ceramic-spot-villeroy-and-boch-kuhinje-STATEROOM.jpg&#8221; parallax=&#8221;on&#8221; custom_button_one=&#8221;on&#8221; button_one_text_size=&#8221;15px&#8221; button_one_text_color=&#8221;#0087BF&#8221; button_one_bg_color=&#8221;#FFFFFF&#8221; button_one_border_color=&#8221;#FFFFFF&#8221; button_one_font=&#8221;||||||||&#8221; button_one_use_icon=&#8221;off&#8221; custom_padding=&#8221;|||0px||&#8221; title_font_size_tablet=&#8221;54px&#8221; title_font_size_phone=&#8221;44px&#8221; title_font_size_last_edited=&#8221;on|phone&#8221; background_last_edited=&#8221;on|phone&#8221; background_size_phone=&#8221;cover&#8221; background_position_tablet=&#8221;center_right&#8221; background_position_phone=&#8221;center&#8221; global_colors_info=&#8221;{}&#8221; button_one_bg_color__hover_enabled=&#8221;on|desktop&#8221; button_one_bg_color__hover=&#8221;#0087BF&#8221; button_one_bg_enable_color__hover=&#8221;on&#8221; button_one_border_color__hover_enabled=&#8221;on|hover&#8221; button_one_border_color__hover=&#8221;#0087BF&#8221; button_one_text_color__hover=&#8221;#FFFFFF&#8221; button_one_text_color__hover_enabled=&#8221;on|hover&#8221;][\/et_pb_fullwidth_header][\/et_pb_section][et_pb_section fb_built=&#8221;1&#8243; admin_label=&#8221;Services Header&#8221; _builder_version=&#8221;4.27.0&#8243; background_color=&#8221;#E2EBF0&#8243; custom_padding=&#8221;0|0px||0px|false|false&#8221; global_colors_info=&#8221;{}&#8221;][et_pb_row column_structure=&#8221;2_3,1_3&#8243; use_custom_gutter=&#8221;on&#8221; gutter_width=&#8221;1&#8243; padding_top_bottom_link_2=&#8221;true&#8221; padding_left_right_link_2=&#8221;true&#8221; _builder_version=&#8221;4.16&#8243; custom_padding=&#8221;0|0px|27px|0px|false|false&#8221; animation_style=&#8221;slide&#8221; animation_direction=&#8221;top&#8221; animation_intensity_slide=&#8221;20%&#8221; locked=&#8221;off&#8221; global_colors_info=&#8221;{}&#8221;][et_pb_column type=&#8221;2_3&#8243; _builder_version=&#8221;4.16&#8243; custom_padding=&#8221;|||&#8221; global_colors_info=&#8221;{}&#8221; custom_padding__hover=&#8221;|||&#8221;][et_pb_text _builder_version=&#8221;4.27.4&#8243; text_font=&#8221;||||||||&#8221; ul_font=&#8221;||||||||&#8221; ol_font=&#8221;||||||||&#8221; quote_font=&#8221;||||||||&#8221; header_font=&#8221;||||||||&#8221; header_2_font=&#8221;|600|||||||&#8221; header_2_font_size=&#8221;24px&#8221; header_2_line_height=&#8221;1.8em&#8221; header_3_font=&#8221;||||||||&#8221; header_4_font=&#8221;|||on|||||&#8221; header_4_font_size=&#8221;16px&#8221; header_4_letter_spacing=&#8221;0.5px&#8221; header_4_line_height=&#8221;1.7em&#8221; header_5_font=&#8221;||||||||&#8221; header_6_font=&#8221;||||||||&#8221; background_color=&#8221;#FFFFFF&#8221; padding_1_last_edited=&#8221;on|desktop&#8221; custom_padding=&#8221;30px|50px|30px|50px|true|true|20px|10%|20px|10%|true|true||on|desktop&#8221; custom_padding_tablet=&#8221;&#8221; custom_padding_phone=&#8221;20px|10%|20px|10%|true|true&#8221; custom_padding_last_edited=&#8221;on|phone&#8221; header_2_font_size_tablet=&#8221;&#8221; header_2_font_size_phone=&#8221;18px&#8221; header_2_font_size_last_edited=&#8221;on|phone&#8221; locked=&#8221;off&#8221; global_colors_info=&#8221;{}&#8221;]<\/p>\n<h4>Kontaktirajte nas<\/h4>\n<h2>Rado \u0107emo odgovoriti na va\u0161a pitanja<\/h2>\n<p>[\/et_pb_text][\/et_pb_column][et_pb_column type=&#8221;1_3&#8243; _builder_version=&#8221;4.16&#8243; custom_padding=&#8221;50px|50px|50px|50px&#8221; custom_padding_tablet=&#8221;&#8221; custom_padding_phone=&#8221;20px|10%|20px|10%|true|true&#8221; custom_padding_last_edited=&#8221;on|phone&#8221; global_colors_info=&#8221;{}&#8221; padding_phone=&#8221;20px|10%|20px|10%|true|true&#8221; padding_last_edited=&#8221;on|phone&#8221; custom_padding__hover=&#8221;|||&#8221;][dsm_block_reveal_image src=&#8221;https:\/\/www.ceramic-spot.com\/wp-content\/uploads\/2025\/09\/Ceramic_spot_logo.png&#8221; title_text=&#8221;Ceramic_spot_logo&#8221; align=&#8221;center&#8221; block_reveal_color=&#8221;#0ABAB5&#8243; _builder_version=&#8221;4.27.4&#8243; _module_preset=&#8221;default&#8221; locked=&#8221;off&#8221; global_colors_info=&#8221;{}&#8221;][\/dsm_block_reveal_image][\/et_pb_column][\/et_pb_row][et_pb_row _builder_version=&#8221;4.16&#8243; _module_preset=&#8221;default&#8221; global_colors_info=&#8221;{}&#8221;][et_pb_column type=&#8221;4_4&#8243; _builder_version=&#8221;4.16&#8243; _module_preset=&#8221;default&#8221; global_colors_info=&#8221;{}&#8221;][dsm_text_notation notation_text=&#8221;O nama&#8221; notation_delay=&#8221;1800ms&#8221; heading_html_tag=&#8221;h2&#8243; notation_display_type=&#8221;inline&#8221; admin_label=&#8221;O nama&#8221; _builder_version=&#8221;4.27.4&#8243; _module_preset=&#8221;default&#8221; notation_font=&#8221;||||||||&#8221; after_font=&#8221;villeroyboch_regular-webfont||||||||&#8221; text_orientation=&#8221;center&#8221; locked=&#8221;off&#8221; global_colors_info=&#8221;{}&#8221;][\/dsm_text_notation][et_pb_text _builder_version=&#8221;4.27.4&#8243; _module_preset=&#8221;default&#8221; global_colors_info=&#8221;{}&#8221;]<strong>CERAMIC SPOT d.o.o.<\/strong> \u2013 Slu\u017ebeni zastupnik kerami\u010dkih plo\u010dica <strong>Villeroy &#038; Boch<\/strong> za <strong>Sloveniju, Hrvatsku, Albaniju<\/strong> i <strong>Kosovo<\/strong><\/p>\n<p>S stru\u010dno\u0161\u0107u u podru\u010dju kerami\u010dkih proizvoda, na\u0161im partnerima nudimo sveobuhvatna rje\u0161enja, prilago\u0111ena njihovim potrebama.<\/p>\n<p><strong>Na\u0161e usluge:<\/strong><\/p>\n<ul>\n<li>Veleprodaja kerami\u010dkih plo\u010dica vrhunske kvalitete.<\/li>\n<li>Projektno savjetovanje za ve\u0107e projekte, gdje vam nudimo stru\u010dnu pomo\u0107 pri odabiru, planiranju i implementaciji najboljih kerami\u010dkih rje\u0161enja.<\/li>\n<\/ul>\n<p> Posve\u0107eni smo visokim standardima kvalitete koje osigurava marka Villeroy &#038; Boch i uvijek te\u017eimo potpunom zadovoljstvu na\u0161ih klijenata i partnera.<br \/>\n<strong>Sa svojim znanjem i iskustvom, stojimo na raspolaganju za savjetovanje:<\/strong><\/p>\n<ul>\n<li>pri odabiru kerami\u010dkih plo\u010dica ovisno o mjestu ugradnje;<\/li>\n<li>pri odre\u0111ivanju otpornosti na klizanje;<\/li>\n<li>pri pripremi atestne dokumentacije i izjava o sukladnosti;<\/li>\n<li>pri savjetovanju o \u010di\u0161\u0107enju i odr\u017eavanju isporu\u010denih kerami\u010dkih plo\u010dica.<\/li>\n<\/ul>\n<p> Pristupamo individualno.<br \/>\nSvaka stranka ima unaprijed dogovoren termin, gdje se mo\u017eemo u potpunosti posvetiti samo toj stranci \u2013 arhitektu, investitoru, graditelju, kerami\u010daru,\u2026[\/et_pb_text][et_pb_text _builder_version=&#8221;4.27.4&#8243; _module_preset=&#8221;default&#8221; text_font=&#8221;|600|||||||&#8221; text_font_size=&#8221;10px&#8221; global_colors_info=&#8221;{}&#8221;]<span>*Nismo maloprodajni trgovac, stoga se manji kupci i renovatori trebaju obratiti na\u0161im maloprodajnim partnerima.<\/span>[\/et_pb_text][et_pb_text _builder_version=&#8221;4.27.4&#8243; _module_preset=&#8221;default&#8221; text_font=&#8221;||||||||&#8221; locked=&#8221;off&#8221; global_colors_info=&#8221;{}&#8221;]<\/p>\n<div><b>RADNO VRIJEME \u2013 po dogovoru<\/b><\/div>\n<div><\/div>\n<div><b>Dostupni smo putem telefona ili e-po\u0161te<\/b><\/div>\n<div>Ponedjeljak \u2013 \u010cetvrtak 7:00 \u2013 15:00<\/div>\n<div><span>Petak 7:00 \u2013 13:00<\/span> Subota, nedjelja i praznici \u2013 ZATVORENO<\/div>\n<div>\n<p><i>E-mailovi ili narud\u017ebe poslane izvan radnog vremena bit \u0107e obra\u0111ene sljede\u0107i radni dan.<\/i><\/p>\n<\/div>\n<p>[\/et_pb_text][\/et_pb_column][\/et_pb_row][\/et_pb_section][et_pb_section fb_built=&#8221;1&#8243; admin_label=&#8221;Services Header&#8221; _builder_version=&#8221;4.27.0&#8243; background_color=&#8221;rgba(226,235,240,0.45)&#8221; custom_padding=&#8221;||||false|false&#8221; global_colors_info=&#8221;{}&#8221;][et_pb_row column_structure=&#8221;1_2,1_2&#8243; _builder_version=&#8221;4.16&#8243; _module_preset=&#8221;default&#8221; custom_padding=&#8221;||30px|||&#8221; global_colors_info=&#8221;{}&#8221;][et_pb_column type=&#8221;1_2&#8243; _builder_version=&#8221;4.16&#8243; _module_preset=&#8221;default&#8221; global_colors_info=&#8221;{}&#8221;][dsm_text_notation notation_text=&#8221;Kontakt&#8221; notation_delay=&#8221;1800ms&#8221; heading_html_tag=&#8221;h2&#8243; notation_display_type=&#8221;inline&#8221; admin_label=&#8221;Informacije o podjetju&#8221; _builder_version=&#8221;4.27.4&#8243; _module_preset=&#8221;default&#8221; notation_font=&#8221;|700|||||||&#8221; after_font=&#8221;villeroyboch_regular-webfont||||||||&#8221; text_orientation=&#8221;left&#8221; locked=&#8221;off&#8221; global_colors_info=&#8221;{}&#8221;][\/dsm_text_notation][et_pb_text _builder_version=&#8221;4.27.4&#8243; _module_preset=&#8221;default&#8221; header_4_font=&#8221;|600|||||||&#8221; header_4_text_color=&#8221;#43474a&#8221; header_4_font_size_tablet=&#8221;&#8221; header_4_font_size_phone=&#8221;&#8221; header_4_font_size_last_edited=&#8221;on|desktop&#8221; global_colors_info=&#8221;{}&#8221;]<\/p>\n<h4>Naziv tvrtke:<\/h4>\n<p> CERAMIC SPOT d.o.o. <\/p>\n<p style=\"font-size: 12px;\"><strong>OIB:<\/strong> SI 82795401 <strong>MB:<\/strong> 8753849000<\/p>\n<p>[\/et_pb_text][et_pb_text _builder_version=&#8221;4.27.4&#8243; _module_preset=&#8221;default&#8221; header_4_font=&#8221;|600|||||||&#8221; header_4_text_color=&#8221;#43474a&#8221; header_4_font_size_tablet=&#8221;&#8221; header_4_font_size_phone=&#8221;&#8221; header_4_font_size_last_edited=&#8221;on|desktop&#8221; global_colors_info=&#8221;{}&#8221;]<\/p>\n<h4>Sjedi\u0161te tvrtke:<\/h4>\n<p>Brn\u010di\u010deva ulica 13, 1231 Ljubljana-\u010crnu\u010de<\/p>\n<p>[\/et_pb_text][et_pb_text _builder_version=&#8221;4.27.4&#8243; _module_preset=&#8221;default&#8221; header_4_font=&#8221;|600|||||||&#8221; header_4_text_color=&#8221;#43474a&#8221; header_4_font_size_tablet=&#8221;&#8221; header_4_font_size_phone=&#8221;&#8221; header_4_font_size_last_edited=&#8221;on|desktop&#8221; global_colors_info=&#8221;{}&#8221;]<\/p>\n<h4>Telefonski broj:<\/h4>\n<p> +386 40 351 766[\/et_pb_text][et_pb_text _builder_version=&#8221;4.27.4&#8243; _module_preset=&#8221;default&#8221; header_4_font=&#8221;|600|||||||&#8221; header_4_text_color=&#8221;#43474a&#8221; header_4_font_size_tablet=&#8221;&#8221; header_4_font_size_phone=&#8221;&#8221; header_4_font_size_last_edited=&#8221;on|desktop&#8221; global_colors_info=&#8221;{}&#8221;]<\/p>\n<h4>Email:<\/h4>\n<p> info@ceramic-spot.com[\/et_pb_text][\/et_pb_column][et_pb_column type=&#8221;1_2&#8243; _builder_version=&#8221;4.16&#8243; _module_preset=&#8221;default&#8221; global_colors_info=&#8221;{}&#8221;][dsm_text_notation notation_text=&#8221;Gdje se nalazimo&#8221; notation_delay=&#8221;1800ms&#8221; heading_html_tag=&#8221;h2&#8243; notation_display_type=&#8221;inline&#8221; admin_label=&#8221;Gdje se nalazimo&#8221; _builder_version=&#8221;4.27.4&#8243; _module_preset=&#8221;default&#8221; notation_font=&#8221;|700|||||||&#8221; after_font=&#8221;villeroyboch_regular-webfont||||||||&#8221; text_orientation=&#8221;left&#8221; locked=&#8221;off&#8221; global_colors_info=&#8221;{}&#8221;][\/dsm_text_notation][dsm_embed_google_map address=&#8221;Ceramic spot d.o.o.&#8221; zoom=&#8221;11px&#8221; _builder_version=&#8221;4.8.2&#8243; _module_preset=&#8221;default&#8221; height=&#8221;399px&#8221; height_tablet=&#8221;400px&#8221; height_phone=&#8221;&#8221; height_last_edited=&#8221;on|phone&#8221; global_colors_info=&#8221;{}&#8221; height__hover_enabled=&#8221;on|desktop&#8221; height__hover=&#8221;399px&#8221;][\/dsm_embed_google_map][\/et_pb_column][\/et_pb_row][\/et_pb_section][et_pb_section fb_built=&#8221;1&#8243; admin_label=&#8221;Footer Section&#8221; _builder_version=&#8221;4.24.3&#8243; background_color=&#8221;#E2EBF0&#8243; background_image=&#8221;https:\/\/www.ceramic-spot.com\/wp-content\/uploads\/2021\/01\/footer-bg-shape.png&#8221; custom_margin=&#8221;||||false|false&#8221; custom_padding=&#8221;36px||0px||false|false&#8221; global_module=&#8221;231361&#8243; saved_tabs=&#8221;all&#8221; global_colors_info=&#8221;{}&#8221;][et_pb_row column_structure=&#8221;1_3,1_3,1_3&#8243; _builder_version=&#8221;4.16&#8243; background_color=&#8221;#ffffff&#8221; background_enable_color=&#8221;off&#8221; background_size=&#8221;initial&#8221; background_position=&#8221;top_left&#8221; background_repeat=&#8221;repeat&#8221; custom_padding=&#8221;|||&#8221; global_colors_info=&#8221;{}&#8221;][et_pb_column type=&#8221;1_3&#8243; _builder_version=&#8221;4.16&#8243; custom_padding=&#8221;|||&#8221; global_colors_info=&#8221;{}&#8221; custom_padding__hover=&#8221;|||&#8221;][\/et_pb_column][et_pb_column type=&#8221;1_3&#8243; _builder_version=&#8221;4.16&#8243; custom_padding=&#8221;|||&#8221; global_colors_info=&#8221;{}&#8221; custom_padding__hover=&#8221;|||&#8221;][et_pb_image src=&#8221;https:\/\/www.ceramic-spot.com\/wp-content\/uploads\/2025\/09\/Ceramic_spot_logo.png&#8221; title_text=&#8221;Ceramic_spot_logo&#8221; url=&#8221;@ET-DC@eyJkeW5hbWljIjp0cnVlLCJjb250ZW50IjoiaG9tZV91cmwiLCJzZXR0aW5ncyI6e319@&#8221; align=&#8221;center&#8221; align_tablet=&#8221;center&#8221; align_phone=&#8221;&#8221; align_last_edited=&#8221;on|desktop&#8221; _builder_version=&#8221;4.27.4&#8243; _dynamic_attributes=&#8221;url&#8221; global_colors_info=&#8221;{}&#8221;][\/et_pb_image][\/et_pb_column][et_pb_column type=&#8221;1_3&#8243; _builder_version=&#8221;4.16&#8243; custom_padding=&#8221;|||&#8221; global_colors_info=&#8221;{}&#8221; custom_padding__hover=&#8221;|||&#8221;][\/et_pb_column][\/et_pb_row][et_pb_row column_structure=&#8221;1_3,1_3,1_3&#8243; admin_label=&#8221;Footer Area&#8221; _builder_version=&#8221;4.16&#8243; background_color=&#8221;#ffffff&#8221; background_enable_color=&#8221;off&#8221; background_size=&#8221;initial&#8221; background_position=&#8221;top_left&#8221; background_repeat=&#8221;repeat&#8221; custom_padding=&#8221;||5px|||&#8221; global_colors_info=&#8221;{}&#8221;][et_pb_column type=&#8221;1_3&#8243; _builder_version=&#8221;4.16&#8243; custom_padding=&#8221;|||&#8221; global_colors_info=&#8221;{}&#8221; custom_padding__hover=&#8221;|||&#8221;][et_pb_blurb title=&#8221;Adresa&#8221; use_icon=&#8221;on&#8221; font_icon=&#8221;&#xe081;||divi||400&#8243; icon_color=&#8221;#0ABAB5&#8243; image_icon_width=&#8221;32px&#8221; admin_label=&#8221;Adresa&#8221; _builder_version=&#8221;4.27.4&#8243; header_font=&#8221;|700|||||||&#8221; header_text_color=&#8221;#43474A&#8221; header_font_size=&#8221;24px&#8221; body_font=&#8221;|300|||||||&#8221; body_text_color=&#8221;#43474A&#8221; body_line_height=&#8221;1.8em&#8221; background_color=&#8221;rgba(255,255,255,0)&#8221; text_orientation=&#8221;center&#8221; background_layout=&#8221;dark&#8221; custom_padding=&#8221;20px|30px|20px|30px&#8221; icon_font_size=&#8221;32px&#8221; global_colors_info=&#8221;{}&#8221;]<\/p>\n<p>CERAMIC SPOT d.o.o.<br \/>Brn\u010di\u010deva ulica 13<br \/>1231 Ljubljana &#8211; \u010crnu\u010de<\/p>\n<p style=\"font-size: 12px;\"><strong>OIB:<\/strong> SI 82795401<br \/><strong>MB:<\/strong> 8753849000<\/p>\n<p>[\/et_pb_blurb][\/et_pb_column][et_pb_column type=&#8221;1_3&#8243; _builder_version=&#8221;4.16&#8243; custom_padding=&#8221;|||&#8221; global_colors_info=&#8221;{}&#8221; custom_padding__hover=&#8221;|||&#8221;][et_pb_blurb title=&#8221;Pozovite&#8221; use_icon=&#8221;on&#8221; font_icon=&#8221;&#xe090;||divi||400&#8243; icon_color=&#8221;#0ABAB5&#8243; image_icon_width=&#8221;32px&#8221; admin_label=&#8221;Pozovite&#8221; _builder_version=&#8221;4.27.4&#8243; header_font=&#8221;|700|||||||&#8221; header_text_color=&#8221;#43474A&#8221; header_font_size=&#8221;24px&#8221; body_font=&#8221;|300|||||||&#8221; body_text_color=&#8221;#43474A&#8221; body_line_height=&#8221;1.8em&#8221; background_color=&#8221;rgba(255,255,255,0)&#8221; text_orientation=&#8221;center&#8221; background_layout=&#8221;dark&#8221; custom_padding=&#8221;20px|30px|20px|30px&#8221; icon_font_size=&#8221;32px&#8221; global_colors_info=&#8221;{}&#8221;]+386 40 351 766[\/et_pb_blurb][\/et_pb_column][et_pb_column type=&#8221;1_3&#8243; _builder_version=&#8221;4.16&#8243; custom_padding=&#8221;|||&#8221; global_colors_info=&#8221;{}&#8221; custom_padding__hover=&#8221;|||&#8221;][et_pb_blurb title=&#8221;Pi\u0161ite nam&#8221; use_icon=&#8221;on&#8221; font_icon=&#8221;&#xe076;||divi||400&#8243; icon_color=&#8221;#0ABAB5&#8243; image_icon_width=&#8221;32px&#8221; admin_label=&#8221;Pi\u0161ite nam&#8221; _builder_version=&#8221;4.27.4&#8243; header_font=&#8221;|700|||||||&#8221; header_text_color=&#8221;#43474A&#8221; header_font_size=&#8221;24px&#8221; body_font=&#8221;|300|||||||&#8221; body_text_color=&#8221;#43474A&#8221; body_line_height=&#8221;1.8em&#8221; background_color=&#8221;rgba(255,255,255,0)&#8221; text_orientation=&#8221;center&#8221; background_layout=&#8221;dark&#8221; custom_padding=&#8221;20px|30px|20px|30px&#8221; icon_font_size=&#8221;32px&#8221; global_colors_info=&#8221;{}&#8221;]<\/p>\n<p><a href=\"mailto:info@ceramic-spot.com\" target=\"_blank\" rel=\"noopener noreferrer\">info@ceramic-spot.com<\/a><\/p>\n<p>[\/et_pb_blurb][\/et_pb_column][\/et_pb_row][\/et_pb_section]<\/p>\n","protected":false},"excerpt":{"rendered":"<p>Kontaktirajte nas Rado \u0107emo odgovoriti na va\u0161a pitanja<div class=\"et_pb_module dsm_block_reveal_image dsm_block_reveal_image_0\">\n\t\t\t\t\n\t\t\t\t\n\t\t\t\t\n\t\t\t\t\n\t\t\t\t\n\t\t\t\t\n\t\t\t\t<div class=\"et_pb_module_inner\">\n\t\t\t\t\t<div class=\"dsm_block_reveal_image_wrapper\" >\n\t\t\t\t\n\t\t\t\t\n\t\t\t\t<span class=\"et_pb_image_wrap\" data-dsm-block-reveal-animation=\"lr\" data-dsm-block-reveal-color=\"#0ABAB5\" data-dsm-block-reveal-delay=\"0.1\" data-dsm-block-reveal-viewport=\"80%\"><img decoding=\"async\" src=\"https:\/\/www.ceramic-spot.com\/wp-content\/uploads\/2025\/09\/Ceramic_spot_logo.png\" alt=\"\" title=\"Ceramic_spot_logo\" srcset=\"https:\/\/www.ceramic-spot.com\/wp-content\/uploads\/2025\/09\/Ceramic_spot_logo.png 993w, https:\/\/www.ceramic-spot.com\/wp-content\/uploads\/2025\/09\/Ceramic_spot_logo-980x89.png 980w, https:\/\/www.ceramic-spot.com\/wp-content\/uploads\/2025\/09\/Ceramic_spot_logo-480x44.png 480w\" sizes=\"(min-width: 0px) and (max-width: 480px) 480px, (min-width: 481px) and (max-width: 980px) 980px, (min-width: 981px) 993px, 100vw\" \/><\/span>\n\t\t\t<\/div>\n\t\t\t\t<\/div>\n\t\t\t<\/div><div class=\"et_pb_module dsm_text_notation dsm_text_notation_0  et_pb_text_align_center et_pb_bg_layout_light\">\n\t\t\t\t\n\t\t\t\t\n\t\t\t\t\n\t\t\t\t\n\t\t\t\t\n\t\t\t\t\n\t\t\t\t<div class=\"et_pb_module_inner\">\n\t\t\t\t\t<h2 class=\"dsm-text-notation-main et_pb_module_header\"><span data-notation=\"[{&quot;type&quot;:&quot;underline&quot;,&quot;color&quot;:&quot;#0abab5&quot;,&quot;stroke-width&quot;:&quot;1&quot;,&quot;iterations&quot;:&quot;2&quot;,&quot;brackets&quot;:&quot;left|right&quot;,&quot;viewport&quot;:&quot;80%&quot;,&quot;delay&quot;:&quot;1800ms&quot;,&quot;divi-animate&quot;:&quot;none&quot;,&quot;divi-animate-duration&quot;:&quot;1000ms&quot;,&quot;divi-animate-delay&quot;:&quot;0ms&quot;}]\" class=\"dsm-text-notation-middle\">O nama<\/span><\/h2>\n\t\t\t\t<\/div>\n\t\t\t<\/div>CERAMIC SPOT d.o.o. \u2013 Slu\u017ebeni zastupnik kerami\u010dkih plo\u010dica Villeroy &#038; Boch za Sloveniju, Hrvatsku, Albaniju i Kosovo S stru\u010dno\u0161\u0107u u podru\u010dju kerami\u010dkih proizvoda, na\u0161im partnerima nudimo sveobuhvatna rje\u0161enja, prilago\u0111ena njihovim potrebama. Na\u0161e usluge: Veleprodaja kerami\u010dkih plo\u010dica vrhunske kvalitete. Projektno savjetovanje za ve\u0107e projekte, gdje vam nudimo stru\u010dnu pomo\u0107 pri odabiru, planiranju i implementaciji najboljih kerami\u010dkih rje\u0161enja. Posve\u0107eni smo visokim standardima kvalitete koje osigurava marka Villeroy &#038; Boch i uvijek te\u017eimo potpunom zadovoljstvu na\u0161ih klijenata i partnera. Sa svojim znanjem i iskustvom, stojimo na raspolaganju za savjetovanje: pri odabiru kerami\u010dkih plo\u010dica ovisno o mjestu ugradnje; pri odre\u0111ivanju otpornosti na klizanje; pri pripremi atestne dokumentacije i izjava o sukladnosti; pri savjetovanju o \u010di\u0161\u0107enju i odr\u017eavanju isporu\u010denih kerami\u010dkih plo\u010dica. Pristupamo individualno. Svaka stranka ima unaprijed dogovoren termin, gdje se mo\u017eemo u potpunosti posvetiti samo toj stranci \u2013 arhitektu, investitoru, graditelju, kerami\u010daru,\u2026*Nismo maloprodajni trgovac, stoga se manji kupci i renovatori trebaju obratiti na\u0161im maloprodajnim partnerima.RADNO VRIJEME \u2013 po dogovoru Dostupni smo putem telefona ili e-po\u0161te Ponedjeljak \u2013 \u010cetvrtak 7:00 \u2013 15:00 Petak 7:00 \u2013 13:00 [&hellip;]<\/p>\n","protected":false},"author":1,"featured_media":231369,"parent":0,"menu_order":6,"comment_status":"closed","ping_status":"closed","template":"","meta":{"_et_pb_use_builder":"on","_et_pb_old_content":"","_et_gb_content_width":"","footnotes":""},"class_list":["post-231368","page","type-page","status-publish","has-post-thumbnail","hentry"],"aioseo_notices":[],"_links":{"self":[{"href":"https:\/\/www.ceramic-spot.com\/hr\/wp-json\/wp\/v2\/pages\/231368","targetHints":{"allow":["GET"]}}],"collection":[{"href":"https:\/\/www.ceramic-spot.com\/hr\/wp-json\/wp\/v2\/pages"}],"about":[{"href":"https:\/\/www.ceramic-spot.com\/hr\/wp-json\/wp\/v2\/types\/page"}],"author":[{"embeddable":true,"href":"https:\/\/www.ceramic-spot.com\/hr\/wp-json\/wp\/v2\/users\/1"}],"replies":[{"embeddable":true,"href":"https:\/\/www.ceramic-spot.com\/hr\/wp-json\/wp\/v2\/comments?post=231368"}],"version-history":[{"count":7,"href":"https:\/\/www.ceramic-spot.com\/hr\/wp-json\/wp\/v2\/pages\/231368\/revisions"}],"predecessor-version":[{"id":231611,"href":"https:\/\/www.ceramic-spot.com\/hr\/wp-json\/wp\/v2\/pages\/231368\/revisions\/231611"}],"wp:featuredmedia":[{"embeddable":true,"href":"https:\/\/www.ceramic-spot.com\/hr\/wp-json\/wp\/v2\/media\/231369"}],"wp:attachment":[{"href":"https:\/\/www.ceramic-spot.com\/hr\/wp-json\/wp\/v2\/media?parent=231368"}],"curies":[{"name":"wp","href":"https:\/\/api.w.org\/{rel}","templated":true}]}}